{"id":145,"date":"2025-10-25T01:18:40","date_gmt":"2025-10-25T01:18:40","guid":{"rendered":"https:\/\/veranoregional.org\/sitio\/?page_id=145"},"modified":"2026-03-03T19:57:13","modified_gmt":"2026-03-03T19:57:13","slug":"reporte","status":"publish","type":"page","link":"https:\/\/veranoregional.org\/sitio\/reporte\/","title":{"rendered":"Reporte de investigaci\u00f3n"},"content":{"rendered":"\n<p>Estudiante del Verano de la Ciencia de la Regi\u00f3n Centro,<br>por favor de enviar el reporte seg\u00fan se indica en la convocatoria vigente<\/p>\n\n\n\n<p>Si tienes alguna duda al respecto env\u00eda un correo a verano@monclova.tecnm.mx<\/p>\n\n\n\n<div data-wp-interactive=\"core\/file\" class=\"wp-block-file\" style=\"padding-top:0;padding-right:0;padding-bottom:0;padding-left:0\"><object data-wp-bind--hidden=\"!state.hasPdfPreview\" hidden class=\"wp-block-file__embed\" data=\"https:\/\/veranoregional.org\/sitio\/wp-content\/uploads\/2025\/10\/EjemploReporteVerano.pdf\" type=\"application\/pdf\" style=\"width:100%;height:638px\" aria-label=\"Incrustado de EjemploReporteVerano.\"><\/object><a id=\"wp-block-file--media-88aeed8b-ab0c-4208-9501-4c5377051830\" href=\"https:\/\/veranoregional.org\/sitio\/wp-content\/uploads\/2025\/10\/EjemploReporteVerano.pdf\" target=\"_blank\" rel=\"noreferrer noopener\">EjemploReporteVerano<\/a><a href=\"https:\/\/veranoregional.org\/sitio\/wp-content\/uploads\/2025\/10\/EjemploReporteVerano.pdf\" class=\"wp-block-file__button wp-element-button\" download aria-describedby=\"wp-block-file--media-88aeed8b-ab0c-4208-9501-4c5377051830\">Descarga<\/a><\/div>\n\n\n\n<div class=\"wp-block-file\"><a id=\"wp-block-file--media-c14c5f70-cba3-45f3-ada2-ce85ee5f876a\" href=\"https:\/\/veranoregional.org\/sitio\/wp-content\/uploads\/2025\/10\/PlantillaVerano.pdf\">PlantillaVerano<\/a><a href=\"https:\/\/veranoregional.org\/sitio\/wp-content\/uploads\/2025\/10\/PlantillaVerano.pdf\" class=\"wp-block-file__button wp-element-button\" download aria-describedby=\"wp-block-file--media-c14c5f70-cba3-45f3-ada2-ce85ee5f876a\">Descarga<\/a><\/div>\n\n\n\n<p><\/p>\n","protected":false},"excerpt":{"rendered":"<p>Estudiante del Verano de la Ciencia de la Regi\u00f3n Centro,por favor de enviar el reporte seg\u00fan se indica en la convocatoria vigente Si tienes alguna duda al respecto env\u00eda un correo a verano@monclova.tecnm.mx<\/p>\n","protected":false},"author":1,"featured_media":0,"parent":0,"menu_order":0,"comment_status":"closed","ping_status":"closed","template":"","meta":{"footnotes":""},"class_list":["post-145","page","type-page","status-publish","hentry"],"_links":{"self":[{"href":"https:\/\/veranoregional.org\/sitio\/wp-json\/wp\/v2\/pages\/145","targetHints":{"allow":["GET"]}}],"collection":[{"href":"https:\/\/veranoregional.org\/sitio\/wp-json\/wp\/v2\/pages"}],"about":[{"href":"https:\/\/veranoregional.org\/sitio\/wp-json\/wp\/v2\/types\/page"}],"author":[{"embeddable":true,"href":"https:\/\/veranoregional.org\/sitio\/wp-json\/wp\/v2\/users\/1"}],"replies":[{"embeddable":true,"href":"https:\/\/veranoregional.org\/sitio\/wp-json\/wp\/v2\/comments?post=145"}],"version-history":[{"count":3,"href":"https:\/\/veranoregional.org\/sitio\/wp-json\/wp\/v2\/pages\/145\/revisions"}],"predecessor-version":[{"id":355,"href":"https:\/\/veranoregional.org\/sitio\/wp-json\/wp\/v2\/pages\/145\/revisions\/355"}],"wp:attachment":[{"href":"https:\/\/veranoregional.org\/sitio\/wp-json\/wp\/v2\/media?parent=145"}],"curies":[{"name":"wp","href":"https:\/\/api.w.org\/{rel}","templated":true}]}}